{"id":3196,"date":"2016-10-25T06:44:19","date_gmt":"2016-10-25T06:44:19","guid":{"rendered":"https:\/\/www.escuraxemeneiesmila.com\/new-homepage-02\/"},"modified":"2024-09-17T17:20:06","modified_gmt":"2024-09-17T16:20:06","slug":"new-homepage-02","status":"publish","type":"page","link":"https:\/\/www.escuraxemeneiesmila.com\/es\/","title":{"rendered":"Escura Xemeneies Mil\u00e0"},"content":{"rendered":"<div class=\"wpb-content-wrapper\"><p>[vc_row][vc_column][rev_slider_vc alias=\u00bbescura-2018&#8243;][\/vc_column][\/vc_row][vc_row full_width=\u00bbstretch_row\u00bb el_class=\u00bbbe-a-piece-of-us middle alt-color\u00bb css=\u00bb.vc_custom_1477393709144{margin-top: -35px !important;margin-bottom: 0px !important;padding-top: 45px !important;padding-bottom: 50px !important;background-color: #eeeeee !important;}\u00bb][vc_column width=\u00bb1\/12&#8243; el_class=\u00bbcenter\u00bb][thememove_icon icon_fontawesome=\u00bbfa fa-users\u00bb font_size=\u00bb26&#8243; font_color=\u00bb#1d2634&#8243;][\/vc_column][vc_column width=\u00bb2\/3&#8243; el_class=\u00bbcenter-xs start-sm\u00bb][vc_custom_heading text=\u00bbLimpieza de chimeneas y calderas\u00bb font_container=\u00bbtag:h2|font_size:32|text_align:left|color:{8d60ec1c6c57d7d422220fe2bd793365fafa33a20555228100aeb520110c61a3}231d2736&#8243;][vc_column_text]Desde 1985 hemos limpiado las chimeneas y calderas de miles de hogares y empresas. Somos el mejor equipo para garantizar una chimenea limpia y segura.[\/vc_column_text][\/vc_column][vc_column width=\u00bb1\/4&#8243; el_class=\u00bbcenter\u00bb][thememove_button text=\u00bbCONTACTE CON NOSOTROS\u00bb link=\u00bburl:https%3A%2F%2Fwww.escuraxemeneiesmila.com%2Fes%2Fcontacto%2F|title:Contacte%20escura%20xemeneies||\u00bb][\/vc_column][\/vc_row][vc_row full_width=\u00bbstretch_row\u00bb css=\u00bb.vc_custom_1477391289773{border-bottom-width: 1px !important;padding-bottom: 80px !important;border-bottom-color: #eeeeee !important;border-bottom-style: solid !important;}\u00bb][vc_column width=\u00bb1\/2&#8243; offset=\u00bbvc_col-md-5&#8243; css=\u00bb.vc_custom_1477389982645{padding-top: 70px !important;}\u00bb][vc_row_inner el_class=\u00bbour-features-layout3&#8243;][vc_column_inner][thememove_icon type=\u00bbpe7stroke\u00bb icon_pe7stroke=\u00bbpe-7s-tools\u00bb font_size=\u00bb70&#8243; font_color=\u00bb#1d2637&#8243;][vc_custom_heading text=\u00bbEvita reparaciones costosas\u00bb font_container=\u00bbtag:h2|font_size:18|text_align:left\u00bb css=\u00bb.vc_custom_1559314149846{margin-bottom: 10px !important;margin-left: 150px !important;border-bottom-width: 1px !important;padding-bottom: 5px !important;border-bottom-color: #dddddd !important;border-bottom-style: solid !important;}\u00bb link=\u00bburl:https%3A%2F%2Fwww.escuraxemeneiesmila.com%2Fes%2Fcuando-limpiar-la-chimenea%2F|||\u00bb][vc_column_text css=\u00bb.vc_custom_1558731353260{margin-left: 150px !important;}\u00bb]Una salida de humos sucia puede ser causa de aver\u00edas y problemas mayores.[\/vc_column_text][\/vc_column_inner][\/vc_row_inner][vc_row_inner el_class=\u00bbour-features-layout3&#8243;][vc_column_inner][thememove_icon type=\u00bbpe7stroke\u00bb icon_pe7stroke=\u00bbpe-7s-clock\u00bb font_size=\u00bb70&#8243; font_color=\u00bb#1d2637&#8243;][vc_custom_heading text=\u00bbServicio de limpieza todo el a\u00f1o\u00bb font_container=\u00bbtag:h2|font_size:18|text_align:left\u00bb css=\u00bb.vc_custom_1559314203124{margin-bottom: 10px !important;margin-left: 150px !important;border-bottom-width: 1px !important;padding-bottom: 5px !important;border-bottom-color: #dddddd !important;border-bottom-style: solid !important;}\u00bb link=\u00bburl:https%3A%2F%2Fwww.escuraxemeneiesmila.com%2Fes%2Fcontacto%2F|||\u00bb][vc_column_text css=\u00bb.vc_custom_1726589997709{margin-left: 150px !important;}\u00bb]De lunes a viernes con servicio de limpieza todo el a\u00f1o[\/vc_column_text][\/vc_column_inner][\/vc_row_inner][vc_row_inner el_class=\u00bbour-features-layout3&#8243;][vc_column_inner][thememove_icon type=\u00bbpe7stroke\u00bb icon_pe7stroke=\u00bbpe-7s-users\u00bb font_size=\u00bb70&#8243; font_color=\u00bb#1d2637&#8243;][vc_custom_heading text=\u00bbProximidad y confianza\u00bb font_container=\u00bbtag:h2|font_size:18|text_align:left\u00bb css=\u00bb.vc_custom_1559314286260{margin-bottom: 10px !important;margin-left: 150px !important;border-bottom-width: 1px !important;padding-bottom: 5px !important;border-bottom-color: #dddddd !important;border-bottom-style: solid !important;}\u00bb link=\u00bburl:https%3A%2F%2Fwww.escuraxemeneiesmila.com%2Fes%2Flimpieza-de-chimeneas-para-particulares%2F|||\u00bb][vc_column_text css=\u00bb.vc_custom_1503499270270{margin-left: 150px !important;}\u00bb]Con m\u00e1s de 30 a\u00f1os a tu lado nos hemos ganado la confianza de miles de hogares y empresas.[\/vc_column_text][\/vc_column_inner][\/vc_row_inner][\/vc_column][vc_column width=\u00bb1\/2&#8243; el_class=\u00bbpadding-md-left-45&#8243; offset=\u00bbvc_col-md-7&#8243; css=\u00bb.vc_custom_1477389991049{padding-top: 70px !important;}\u00bb][vc_column_text]<\/p>\n<h6><strong style=\"font-size: 18px; margin-bottom: 20px;\"> <span style=\"color: #fbd232;\"> PROFESIONALES <\/span> <\/strong><\/h6>\n<h1 style=\"font-size: 32px;\"><span style=\"color: #1d2634;\"> nuestro principal objetivo: <\/span><\/h1>\n<p>[\/vc_column_text][vc_column_text]Garantizar que las chimeneas y calderas queden completamente limpias y seguras, causando las m\u00ednimas molestias y sobre todo <strong> sin ensuciar nada . M\u00e1s de 30 a\u00f1os cuidando su chimenea y caldera.[\/vc_column_text][vc_column_text]\u00a0<\/strong><\/p>\n<h3>Limpieza<\/h3>\n<ul class=\"wrench-list\" style=\"padding-top: 20px;\">\n<li><a href=\"https:\/\/www.escuraxemeneiesmila.com\/es\/limpieza-de-chimeneas-para-particulares\/\">Chimeneas <\/a><\/li>\n<li><a href=\"https:\/\/www.escuraxemeneiesmila.com\/es\/limpieza-de-chimeneas-para-particulares\/\"> Calderas de le\u00f1a, carb\u00f3n y gasoil <\/a><\/li>\n<li><a href=\"https:\/\/www.escuraxemeneiesmila.com\/es\/limpieza-de-chimeneas-para-particulares\/\"> Calderas de pellets y biomasa<\/a><\/li>\n<li><a href=\"https:\/\/www.escuraxemeneiesmila.com\/es\/limpieza-de-chimeneas-para-particulares\/\"> Estufas de gasoil, pellets y biomasa<\/a><\/li>\n<li><a href=\"https:\/\/www.escuraxemeneiesmila.com\/es\/limpieza-de-chimeneas-para-empresas\/\"> Calderas industriales <\/a><\/li>\n<li><a href=\"https:\/\/www.escuraxemeneiesmila.com\/es\/limpieza-de-chimeneas-para-empresas\/\"> Panader\u00edas <\/a><\/li>\n<li><a href=\"https:\/\/www.escuraxemeneiesmila.com\/es\/limpieza-de-chimeneas-para-empresas\/\">Instalaciones especiales<\/a><\/li>\n<\/ul>\n<p>[\/vc_column_text][thememove_button text=\u00bb+ INFORMACI\u00d3N\u00bb link=\u00bburl:https%3A%2F%2Fwww.escuraxemeneiesmila.com%2Fes%2Flimpieza-de-chimeneas-para-particulares%2F|||\u00bb][\/vc_column][\/vc_row][vc_row full_width=\u00bbstretch_row\u00bb el_class=\u00bbheading-title-with-subtitle\u00bb css=\u00bb.vc_custom_1477391943425{padding-top: 30px !important;padding-bottom: 0px !important;}\u00bb][vc_column][vc_custom_heading text=\u00bbServicios de limpieza\u00bb font_container=\u00bbtag:h2|font_size:32|text_align:left|color:{8d60ec1c6c57d7d422220fe2bd793365fafa33a20555228100aeb520110c61a3}23111111|line_height:1.2&#8243; css=\u00bb.vc_custom_1503499566945{margin-bottom: 10px !important;}\u00bb][vc_column_text]<\/p>\n<p style=\"text-align: left;\">Limpiamos chimeneas y salidas de humos de todo tipo, tanto para <strong> particulares <\/strong> como para <strong> empresas <\/strong>.<\/p>\n<p>[\/vc_column_text][\/vc_column][\/vc_row][vc_row el_class=\u00bbour-services\u00bb css=\u00bb.vc_custom_1438935029451{padding-top: 30px !important;}\u00bb][vc_column width=\u00bb1\/3&#8243;][vc_column_text]<img loading=\"lazy\" decoding=\"async\" class=\"alignnone size-full wp-image-2737\" src=\"https:\/\/www.escuraxemeneiesmila.com\/wp-content\/uploads\/2016\/10\/llar-de-foc.jpg\" alt=\"\" width=\"370\" height=\"200\" srcset=\"https:\/\/www.escuraxemeneiesmila.com\/wp-content\/uploads\/2016\/10\/llar-de-foc.jpg 370w, https:\/\/www.escuraxemeneiesmila.com\/wp-content\/uploads\/2016\/10\/llar-de-foc-300x162.jpg 300w\" sizes=\"auto, (max-width: 370px) 100vw, 370px\" \/>[\/vc_column_text][thememove_button add_icon=\u00bbyes\u00bb type=\u00bbrenovation\u00bb icon_renovation=\u00bbrn-home\u00bb text=\u00bbChimeneas\u00bb link=\u00bburl:https%3A%2F%2Fwww.escuraxemeneiesmila.com%2Fes%2Flimpieza-de-chimeneas-para-particulares%2F|title:Sertveis%20de%20nerela%20de%20xemeneies%20i%20llars%20de%20foc||\u00bb][\/vc_column][vc_column width=\u00bb1\/3&#8243;][vc_column_text]<img loading=\"lazy\" decoding=\"async\" class=\"alignnone size-full wp-image-2739\" src=\"https:\/\/www.escuraxemeneiesmila.com\/wp-content\/uploads\/2016\/10\/fusta.jpg\" alt=\"\" width=\"370\" height=\"200\" srcset=\"https:\/\/www.escuraxemeneiesmila.com\/wp-content\/uploads\/2016\/10\/fusta.jpg 370w, https:\/\/www.escuraxemeneiesmila.com\/wp-content\/uploads\/2016\/10\/fusta-300x162.jpg 300w\" sizes=\"auto, (max-width: 370px) 100vw, 370px\" \/>[\/vc_column_text][thememove_button add_icon=\u00bbyes\u00bb type=\u00bbrenovation\u00bb icon_renovation=\u00bbrn-home\u00bb text=\u00bbCalderas de le\u00f1a\/carb\u00f3n\u00bb link=\u00bburl:https%3A%2F%2Fwww.escuraxemeneiesmila.com%2Fes%2Flimpieza-de-chimeneas-para-particulares%2F|title:Neteja%20de%20calderes%20de%20llenya%20i%20carb%C3%B3||\u00bb][\/vc_column][vc_column width=\u00bb1\/3&#8243;][vc_column_text]<img loading=\"lazy\" decoding=\"async\" class=\"alignnone size-full wp-image-2745\" src=\"https:\/\/www.escuraxemeneiesmila.com\/wp-content\/uploads\/2016\/10\/caldera-gasoil-1.jpg\" alt=\"\" width=\"370\" height=\"200\" srcset=\"https:\/\/www.escuraxemeneiesmila.com\/wp-content\/uploads\/2016\/10\/caldera-gasoil-1.jpg 370w, https:\/\/www.escuraxemeneiesmila.com\/wp-content\/uploads\/2016\/10\/caldera-gasoil-1-300x162.jpg 300w\" sizes=\"auto, (max-width: 370px) 100vw, 370px\" \/>[\/vc_column_text][thememove_button add_icon=\u00bbyes\u00bb type=\u00bbrenovation\u00bb icon_renovation=\u00bbrn-home\u00bb text=\u00bbCalderas de gasoil\u00bb link=\u00bburl:https%3A%2F%2Fwww.escuraxemeneiesmila.com%2Fes%2Flimpieza-de-chimeneas-para-particulares%2F|title:Serveis%20de%20neteja%20de%20calderes%20de%20gas-oil||\u00bb][\/vc_column][\/vc_row][vc_row el_class=\u00bbour-services\u00bb css=\u00bb.vc_custom_1438936121266{margin-bottom: 70px !important;padding-top: 30px !important;padding-bottom: 35px !important;}\u00bb][vc_column width=\u00bb1\/3&#8243;][vc_column_text]<img loading=\"lazy\" decoding=\"async\" class=\"alignnone size-full wp-image-2742\" src=\"https:\/\/www.escuraxemeneiesmila.com\/wp-content\/uploads\/2020\/02\/estufa-pellet-biomassa.jpg\" alt=\"Estufas de pellet y biomasa\" width=\"370\" height=\"200\" \/>[\/vc_column_text][thememove_button add_icon=\u00bbyes\u00bb type=\u00bbrenovation\u00bb icon_renovation=\u00bbrn-home\u00bb text=\u00bbEstufas pellet\/biomasa\u00bb link=\u00bburl:https%3A%2F%2Fwww.escuraxemeneiesmila.com%2Fes%2Flimpieza-de-chimeneas-para-particulares%2F|title:Serveis%20de%20neteja%20d&#8217;estufes%20de%20gas-oil||\u00bb][\/vc_column][vc_column width=\u00bb1\/3&#8243;][vc_column_text]<img loading=\"lazy\" decoding=\"async\" class=\"alignnone size-full wp-image-2748\" src=\"https:\/\/www.escuraxemeneiesmila.com\/wp-content\/uploads\/2016\/10\/forn-coccio.jpg\" alt=\"\" width=\"370\" height=\"200\" srcset=\"https:\/\/www.escuraxemeneiesmila.com\/wp-content\/uploads\/2016\/10\/forn-coccio.jpg 370w, https:\/\/www.escuraxemeneiesmila.com\/wp-content\/uploads\/2016\/10\/forn-coccio-300x162.jpg 300w\" sizes=\"auto, (max-width: 370px) 100vw, 370px\" \/>[\/vc_column_text][thememove_button add_icon=\u00bbyes\u00bb type=\u00bbrenovation\u00bb icon_renovation=\u00bbrn-home\u00bb text=\u00bbHornos de cocci\u00f3n\u00bb link=\u00bburl:https%3A%2F%2Fwww.escuraxemeneiesmila.com%2Fes%2Flimpieza-de-chimeneas-para-empresas%2F|title:Serveis%20de%20neteja%20de%20forns%20de%20cocci%C3%B3||\u00bb][\/vc_column][vc_column width=\u00bb1\/3&#8243;][vc_column_text]<img loading=\"lazy\" decoding=\"async\" class=\"alignnone size-full wp-image-2750\" src=\"https:\/\/www.escuraxemeneiesmila.com\/wp-content\/uploads\/2016\/10\/xemeneies-especials.jpg\" alt=\"\" width=\"370\" height=\"200\" srcset=\"https:\/\/www.escuraxemeneiesmila.com\/wp-content\/uploads\/2016\/10\/xemeneies-especials.jpg 370w, https:\/\/www.escuraxemeneiesmila.com\/wp-content\/uploads\/2016\/10\/xemeneies-especials-300x162.jpg 300w\" sizes=\"auto, (max-width: 370px) 100vw, 370px\" \/>[\/vc_column_text][thememove_button add_icon=\u00bbyes\u00bb type=\u00bbrenovation\u00bb icon_renovation=\u00bbrn-home\u00bb text=\u00bbSalida de humos especial\u00bb link=\u00bburl:https%3A%2F%2Fwww.escuraxemeneiesmila.com%2Fes%2Flimpieza-de-chimeneas-para-empresas%2F|title:Serveis%20de%20neteja%20de%20sortides%20de%20fums%20per%20empreses||\u00bb][\/vc_column][\/vc_row][vc_row full_width=\u00bbstretch_row\u00bb equal_height=\u00bbyes\u00bb content_placement=\u00bbmiddle\u00bb parallax=\u00bbcontent-moving\u00bb parallax_image=\u00bb2752&#8243; parallax_speed_bg=\u00bb1.2&#8243; css=\u00bb.vc_custom_1503508766972{margin-bottom: 0px !important;background-image: url(https:\/\/www.escuraxemeneiesmila.com\/wp-content\/uploads\/2016\/10\/new_home01_section4.jpg?id=2253) !important;background-position: center;background-repeat: no-repeat !important;background-size: cover !important;}\u00bb el_class=\u00bbcenter padding-xs-top-100 padding-xs-bottom-100&#8243;][vc_column width=\u00bb1\/6&#8243; offset=\u00bbvc_hidden-xs\u00bb][\/vc_column][vc_column width=\u00bb2\/3&#8243; css=\u00bb.vc_custom_1477377697999{background-color: #ffffff !important;}\u00bb el_class=\u00bbpadding-lg-left-100 padding-lg-right-100 padding-lg-top-70 padding-lg-bottom-80 padding-xs-top-50 padding-xs-bottom-50 padding-xs-left-30 padding-xs-right-30&#8243;][vc_custom_heading text=\u00bbSolicita un Servicio\u00bb font_container=\u00bbtag:h2|font_size:36|text_align:center|color:{8d60ec1c6c57d7d422220fe2bd793365fafa33a20555228100aeb520110c61a3}231c2534&#8243; css=\u00bb.vc_custom_1503500150911{padding-bottom: 10px !important;}\u00bb el_class=\u00bbheading-title\u00bb][vc_column_text]<\/p>\n<p style=\"text-align: center;\">Rellena este formulario o llama al <strong> 93 812 49 04 <\/strong> para solicitar un servicio. Nos pondremos en contacto con usted en la mayor brevedad posible.<\/p>\n<p>[\/vc_column_text]\n<div class=\"wpcf7 no-js\" id=\"wpcf7-f3291-o1\" lang=\"es-ES\" dir=\"ltr\" data-wpcf7-id=\"3291\">\n<div class=\"screen-reader-response\"><p role=\"status\" aria-live=\"polite\" aria-atomic=\"true\"><\/p> <ul><\/ul><\/div>\n<form action=\"\/es\/wp-json\/wp\/v2\/pages\/3196#wpcf7-f3291-o1\" method=\"post\" class=\"wpcf7-form init\" aria-label=\"Formulario de contacto\" novalidate=\"novalidate\" data-status=\"init\">\n<div style=\"display: none;\">\n<input type=\"hidden\" name=\"_wpcf7\" value=\"3291\" \/>\n<input type=\"hidden\" name=\"_wpcf7_version\" value=\"6.0.6\" \/>\n<input type=\"hidden\" name=\"_wpcf7_locale\" value=\"es_ES\" \/>\n<input type=\"hidden\" name=\"_wpcf7_unit_tag\" value=\"wpcf7-f3291-o1\" \/>\n<input type=\"hidden\" name=\"_wpcf7_container_post\" value=\"0\" \/>\n<input type=\"hidden\" name=\"_wpcf7_posted_data_hash\" value=\"\" \/>\n<input type=\"hidden\" name=\"_wpcf7_recaptcha_response\" value=\"\" \/>\n<\/div>\n<div class=\"form2\">\n\t<div class=\"row\">\n\t\t<div class=\"col-sm-6\">\n\t\t\t<p><span class=\"wpcf7-form-control-wrap\" data-name=\"your-name\"><input size=\"40\" maxlength=\"400\" class=\"wpcf7-form-control wpcf7-text wpcf7-validates-as-required\" aria-required=\"true\" aria-invalid=\"false\" placeholder=\"Su nombre*\" value=\"\" type=\"text\" name=\"your-name\" \/><\/span><br \/>\n<span class=\"wpcf7-form-control-wrap\" data-name=\"your-village\"><input size=\"40\" maxlength=\"400\" class=\"wpcf7-form-control wpcf7-text wpcf7-validates-as-required\" aria-required=\"true\" aria-invalid=\"false\" placeholder=\"Poblaci\u00f3n*\" value=\"\" type=\"text\" name=\"your-village\" \/><\/span>\n\t\t\t<\/p>\n\t\t\t<p style=\"text-align:left;padding-bottom:4px;margin:0\">Elija un servicio de limpieza del desplegable*:\n\t\t\t<\/p>\n\t\t\t<p><span class=\"wpcf7-form-control-wrap\" data-name=\"your-service\"><select class=\"wpcf7-form-control wpcf7-select wpcf7-validates-as-required\" aria-required=\"true\" aria-invalid=\"false\" name=\"your-service\"><option value=\"Chimenea dom\u00e9stica\">Chimenea dom\u00e9stica<\/option><option value=\"Caldera de le\u00f1a y\/o carb\u00f3n\">Caldera de le\u00f1a y\/o carb\u00f3n<\/option><option value=\"Estufa de pellet o biomasas\">Estufa de pellet o biomasas<\/option><option value=\"Caldera de gasoil\">Caldera de gasoil<\/option><option value=\"Estufa de gasoil\">Estufa de gasoil<\/option><option value=\"Chimenea y caldera\">Chimenea y caldera<\/option><option value=\"Horno de cocci\u00f3n\">Horno de cocci\u00f3n<\/option><option value=\"Instalaciones industrial\">Instalaciones industrial<\/option><option value=\"Otros\">Otros<\/option><\/select><\/span>\n\t\t\t<\/p>\n\t\t<\/div>\n\t\t<div class=\"col-sm-6\">\n\t\t\t<p><span class=\"wpcf7-form-control-wrap\" data-name=\"your-email\"><input size=\"40\" maxlength=\"400\" class=\"wpcf7-form-control wpcf7-email wpcf7-validates-as-required wpcf7-text wpcf7-validates-as-email\" aria-required=\"true\" aria-invalid=\"false\" placeholder=\"Su Email\" value=\"\" type=\"email\" name=\"your-email\" \/><\/span><br \/>\n<span class=\"wpcf7-form-control-wrap\" data-name=\"your-phone\"><input size=\"40\" maxlength=\"400\" class=\"wpcf7-form-control wpcf7-text wpcf7-validates-as-required\" aria-required=\"true\" aria-invalid=\"false\" placeholder=\"Tel\u00e9fono de contacto*\" value=\"\" type=\"text\" name=\"your-phone\" \/><\/span>\n\t\t\t<\/p>\n\t\t<\/div>\n\t\t<div class=\"col-sm-12\">\n\t\t\t<p><span class=\"wpcf7-form-control-wrap\" data-name=\"your-message\"><textarea cols=\"40\" rows=\"10\" maxlength=\"2000\" class=\"wpcf7-form-control wpcf7-textarea\" aria-invalid=\"false\" placeholder=\"A\u00f1adir un comentario u observaci\u00f3n si as\u00ed lo desea\" name=\"your-message\"><\/textarea><\/span>\n\t\t\t<\/p>\n\t\t<\/div>\n\t\t<div class=\"col-sm-12\">\n\t\t\t<p>L'ESCURA-XEMENEIES MILA\u0300, SL como responsable del tratamiento tratara\u0301 tus datos con la finalidad de dar respuesta a tu consulta o peticio\u0301n. Puedes acceder, rectificar y suprimir tus datos, asi\u0301 como ejercer otros derechos consultando la informacio\u0301n adicional y detallada sobre proteccio\u0301n de datos en nuestra <a href=\"\/es\/aviso-legal\/\">Poli\u0301tica de Privacidad<\/a>.\n\t\t\t<\/p>\n\t\t<\/div>\n\t\t<div class=\"col-sm-12\">\n\t\t\t<p><span class=\"wpcf7-form-control-wrap\" data-name=\"acceptance-183\"><span class=\"wpcf7-form-control wpcf7-acceptance\"><span class=\"wpcf7-list-item\"><input type=\"checkbox\" name=\"acceptance-183\" value=\"1\" aria-invalid=\"false\" \/><\/span><\/span><\/span> \u00a0He lei\u0301do y acepto las condiciones contenidas en la poli\u0301tica de privacidad sobre el tratamiento de mis datos para gestionar mi consulta o peticio\u0301n.\n\t\t\t<\/p>\n\t\t<\/div>\n\t\t<div class=\"col-sm-12\" style=\"padding: 18px 0;\">\n\t\t\n\t\t<\/div>\n\t\t<div class=\"col-sm-12\">\n\t\t\t<p><input class=\"wpcf7-form-control wpcf7-submit has-spinner\" type=\"submit\" value=\"Enviar\" \/>\n\t\t\t<\/p>\n\t\t<\/div>\n\t<\/div>\n<\/div><div class=\"wpcf7-response-output\" aria-hidden=\"true\"><\/div>\n<\/form>\n<\/div>\n[\/vc_column][vc_column width=\u00bb1\/6&#8243; offset=\u00bbvc_hidden-xs\u00bb][\/vc_column][\/vc_row][vc_row][vc_column][vc_empty_space][\/vc_column][\/vc_row][vc_row full_width=\u00bbstretch_row\u00bb el_class=\u00bbbe-a-piece-of-us middle alt-color\u00bb css=\u00bb.vc_custom_1477393709144{margin-top: -35px !important;margin-bottom: 0px !important;padding-top: 45px !important;padding-bottom: 50px !important;background-color: #eeeeee !important;}\u00bb][vc_column width=\u00bb1\/12&#8243; el_class=\u00bbcenter\u00bb][thememove_icon icon_fontawesome=\u00bbfa fa-users\u00bb font_size=\u00bb26&#8243; font_color=\u00bb#1d2634&#8243;][\/vc_column][vc_column width=\u00bb2\/3&#8243; el_class=\u00bbcenter-xs start-sm\u00bb][vc_custom_heading text=\u00bbLimpieza de chimeneas y calderas\u00bb font_container=\u00bbtag:h2|font_size:32|text_align:left|color:{8d60ec1c6c57d7d422220fe2bd793365fafa33a20555228100aeb520110c61a3}231d2736&#8243;][vc_column_text]Desde 1985 hemos limpiado las chimeneas y calderas de miles de hogares y empresas. Somos el mejor equipo para garantizar una chimenea limpia y segura.[\/vc_column_text][\/vc_column][vc_column width=\u00bb1\/4&#8243; el_class=\u00bbcenter\u00bb][thememove_button text=\u00bbCONTACTE CON NOSOTROS\u00bb link=\u00bburl:https%3A%2F%2Fwww.escuraxemeneiesmila.com%2Fes%2Fcontacto%2F|title:Contacte%20Escura%20Xemeneies%20Mila||\u00bb][\/vc_column][\/vc_row]<\/p>\n<\/div>","protected":false},"excerpt":{"rendered":"<p>[vc_row][vc_column][rev_slider_vc alias=\u00bbescura-2018&#8243;][\/vc_column][\/vc_row][vc_row full_width=\u00bbstretch_row\u00bb el_class=\u00bbbe-a-piece-of-us middle alt-color\u00bb css=\u00bb.vc_custom_1477393709144{margin-top: -35px !important;margin-bottom: 0px !important;padding-top: 45px !important;padding-bottom: 50px !important;background-color: #eeeeee !important;}\u00bb][vc_column width=\u00bb1\/12&#8243; el_class=\u00bbcenter\u00bb][thememove_icon icon_fontawesome=\u00bbfa fa-users\u00bb font_size=\u00bb26&#8243; font_color=\u00bb#1d2634&#8243;][\/vc_column][vc_column width=\u00bb2\/3&#8243; el_class=\u00bbcenter-xs start-sm\u00bb][vc_custom_heading text=\u00bbLimpieza de chimeneas y calderas\u00bb font_container=\u00bbtag:h2|font_size:32|text_align:left|color:{8d60ec1c6c57d7d422220fe2bd793365fafa33a20555228100aeb520110c61a3}231d2736&#8243;][vc_column_text]Desde 1985 hemos limpiado las chimeneas y calderas de miles de hogares y empresas. Somos el mejor equipo para garantizar una chimenea limpia y [&hellip;]<\/p>\n","protected":false},"author":1,"featured_media":0,"parent":0,"menu_order":0,"comment_status":"closed","ping_status":"closed","template":"","meta":{"footnotes":""},"class_list":["post-3196","page","type-page","status-publish","hentry"],"_links":{"self":[{"href":"https:\/\/www.escuraxemeneiesmila.com\/es\/wp-json\/wp\/v2\/pages\/3196","targetHints":{"allow":["GET"]}}],"collection":[{"href":"https:\/\/www.escuraxemeneiesmila.com\/es\/wp-json\/wp\/v2\/pages"}],"about":[{"href":"https:\/\/www.escuraxemeneiesmila.com\/es\/wp-json\/wp\/v2\/types\/page"}],"author":[{"embeddable":true,"href":"https:\/\/www.escuraxemeneiesmila.com\/es\/wp-json\/wp\/v2\/users\/1"}],"replies":[{"embeddable":true,"href":"https:\/\/www.escuraxemeneiesmila.com\/es\/wp-json\/wp\/v2\/comments?post=3196"}],"version-history":[{"count":46,"href":"https:\/\/www.escuraxemeneiesmila.com\/es\/wp-json\/wp\/v2\/pages\/3196\/revisions"}],"predecessor-version":[{"id":3571,"href":"https:\/\/www.escuraxemeneiesmila.com\/es\/wp-json\/wp\/v2\/pages\/3196\/revisions\/3571"}],"wp:attachment":[{"href":"https:\/\/www.escuraxemeneiesmila.com\/es\/wp-json\/wp\/v2\/media?parent=3196"}],"curies":[{"name":"wp","href":"https:\/\/api.w.org\/{rel}","templated":true}]}}